{"id":711,"date":"2020-01-02T19:19:11","date_gmt":"2020-01-02T18:19:11","guid":{"rendered":"https:\/\/www.mmcs.at\/de\/?p=711"},"modified":"2020-01-08T16:14:59","modified_gmt":"2020-01-08T15:14:59","slug":"bildbearbeitung","status":"publish","type":"page","link":"https:\/\/www.mmcs.at\/de\/bildbearbeitung\/","title":{"rendered":"Bildbearbeitung mit Photoshop \u2013 oft schon realer als die Wirklichkeit \u2013 Gute neue digitale Zeit!"},"content":{"rendered":"\n<h2 class=\"wp-block-heading\">Bildbearbeitung mit Photoshop \u2013 oft schon realer als die Wirklichkeit!<\/h2>\n\n\n\n<figure class=\"wp-block-image size-large\"><img loading=\"lazy\" decoding=\"async\" width=\"760\" height=\"760\" src=\"https:\/\/www.mmcs.at\/de\/wp-content\/uploads\/Sigrid760x760x.gif\" alt=\"Bildbearbeitung mit Photoshop \u2013 oft schon realer als die Wirklichkeit!\" class=\"wp-image-713\"\/><figcaption>Beispielbild \u2013 vorher nachher<\/figcaption><\/figure>\n\n\n\n<h2 class=\"wp-block-heading\">\u201e<em>Ein Bild sagt mehr als tausend Worte!<\/em>\u201d<\/h2>\n\n\n<p>Dieser Satz trifft nat\u00fcrlich auch und vor allem f\u00fcr den Printbereich zu. Solange f\u00fcr die publizierten Themen printf\u00e4higes Bildmaterial vorliegt, beschr\u00e4nkt sich die Arbeit der Bildbearbeitung auf das Zurechtschneiden, die Farbstimmigkeit und die Aufbereitung der Bilddaten f\u00fcr den problemlosen Druck der in der Regel mit den vier Farben: Cyan, Magenta, Yellow, Black = CMYK arbeitet.<br \/>Gute neue digitale Zeit!<\/p>\n<p>\u00a0<\/p>\n\n\n<p>Sollen aber z.B. Themen verdeutlicht werden zu denen es keine realen Bilder gibt, f\u00fchrt kein Weg am Bildcomposting vorbei. Dabei werden Bildteile von verschiedenen Bildern angepasst und zusammenkopiert.<\/p>\n\n\n\n<figure class=\"wp-block-video\"><video controls src=\"https:\/\/www.mmcs.at\/de\/wp-content\/uploads\/animation-1_converted.mp4\"><\/video><figcaption>Titelbilder f\u00fcr Monatszeitung Einkaufswelt \u2013 1. drei Beispiele<\/figcaption><\/figure>\n\n\n\n<figure class=\"wp-block-video\"><video controls src=\"https:\/\/www.mmcs.at\/de\/wp-content\/uploads\/animation-2_converted.mp4\"><\/video><figcaption><br> &nbsp; &nbsp; Titelbilder f\u00fcr Monatszeitung Einkaufswelt \u2013 2. drei Beispiele<\/figcaption><\/figure>\n\n\n<p><!-- \/wp:heading --><\/p>\n<h2>\u201e<em>Wer die Realit\u00e4t sucht, sollte lieber aus dem Fenster schauen<\/em>\u201d soviel zu<em> &#8222;Gute neue digitale Zeit&#8220;?<\/em><\/h2>\n<p><a href=\"https:\/\/webtv.feratel.com\/webtv\/?cam=5281&amp;design=v3&amp;c0=0&amp;lg=de&amp;s=0&amp;c1=0&amp;c2=0\" target=\"_blank\" rel=\"noreferrer noopener\" aria-label=\"Guckst du hier (opens in a new tab)\" data-rich-text-format-boundary=\"true\">Guckst du hier<\/a><\/p>\n<p><!-- \/wp:button --><\/p>\n<p><!-- wp:button --><\/p>\n<div class=\"wp-block-button\"><a class=\"wp-block-button__link\" href=\"\/de\/#look-here\">\u25c1 ZUR\u00dcCK<\/a><\/div>\n<p><!-- \/wp:button --><\/p>\n<p><!-- wp:paragraph --><\/p>\n<p><!-- \/wp:paragraph --><\/p>","protected":false},"excerpt":{"rendered":"<p>Ein Bild sagt mehr als tausend Worte!<\/p>\n","protected":false},"author":1,"featured_media":0,"parent":0,"menu_order":7,"comment_status":"closed","ping_status":"closed","template":"","meta":{"footnotes":""},"class_list":["post-711","page","type-page","status-publish","hentry"],"yoast_head":"<!-- This site is optimized with the Yoast SEO plugin v24.8.1 - https:\/\/yoast.com\/wordpress\/plugins\/seo\/ -->\n<title>MMCS \u2013 Meine digitale Visualit\u00e4t (+43 676 7285418)<\/title>\n<meta name=\"description\" content=\"GUTE NEUE DIGITALE ZEIT \u2013 &quot;Ein Bild sagt mehr als 1000 Worte!&quot; Dieser Satz trifft sowohl auf den Print- als auch auf den Webbereich zu. Allgemein\" \/>\n<meta name=\"robots\" content=\"index, follow, max-snippet:-1, max-image-preview:large, max-video-preview:-1\" \/>\n<link rel=\"canonical\" href=\"https:\/\/www.mmcs.at\/de\/bildbearbeitung\/\" \/>\n<meta property=\"og:locale\" content=\"de_DE\" \/>\n<meta property=\"og:type\" content=\"article\" \/>\n<meta property=\"og:title\" content=\"MMCS \u2013 Meine digitale Visualit\u00e4t (+43 676 7285418)\" \/>\n<meta property=\"og:description\" content=\"GUTE NEUE DIGITALE ZEIT \u2013 &quot;Ein Bild sagt mehr als 1000 Worte!&quot; Dieser Satz trifft sowohl auf den Print- als auch auf den Webbereich zu. Allgemein\" \/>\n<meta property=\"og:url\" content=\"https:\/\/www.mmcs.at\/de\/bildbearbeitung\/\" \/>\n<meta property=\"og:site_name\" content=\"MMCS - MultiMedia Creativity Studio\" \/>\n<meta property=\"article:modified_time\" content=\"2020-01-08T15:14:59+00:00\" \/>\n<meta property=\"og:image\" content=\"https:\/\/www.mmcs.at\/de\/wp-content\/uploads\/Sigrid760x760x.gif\" \/>\n<meta name=\"twitter:card\" content=\"summary_large_image\" \/>\n<meta name=\"twitter:label1\" content=\"Gesch\u00e4tzte Lesezeit\" \/>\n\t<meta name=\"twitter:data1\" content=\"1\u00a0Minute\" \/>\n<script type=\"application\/ld+json\" class=\"yoast-schema-graph\">{\"@context\":\"https:\/\/schema.org\",\"@graph\":[{\"@type\":\"WebPage\",\"@id\":\"https:\/\/www.mmcs.at\/de\/bildbearbeitung\/\",\"url\":\"https:\/\/www.mmcs.at\/de\/bildbearbeitung\/\",\"name\":\"MMCS \u2013 Meine digitale Visualit\u00e4t (+43 676 7285418)\",\"isPartOf\":{\"@id\":\"https:\/\/www.mmcs.at\/de\/#website\"},\"primaryImageOfPage\":{\"@id\":\"https:\/\/www.mmcs.at\/de\/bildbearbeitung\/#primaryimage\"},\"image\":{\"@id\":\"https:\/\/www.mmcs.at\/de\/bildbearbeitung\/#primaryimage\"},\"thumbnailUrl\":\"https:\/\/www.mmcs.at\/de\/wp-content\/uploads\/Sigrid760x760x.gif\",\"datePublished\":\"2020-01-02T18:19:11+00:00\",\"dateModified\":\"2020-01-08T15:14:59+00:00\",\"description\":\"GUTE NEUE DIGITALE ZEIT \u2013 \\\"Ein Bild sagt mehr als 1000 Worte!\\\" Dieser Satz trifft sowohl auf den Print- als auch auf den Webbereich zu. Allgemein\",\"breadcrumb\":{\"@id\":\"https:\/\/www.mmcs.at\/de\/bildbearbeitung\/#breadcrumb\"},\"inLanguage\":\"de\",\"potentialAction\":[{\"@type\":\"ReadAction\",\"target\":[\"https:\/\/www.mmcs.at\/de\/bildbearbeitung\/\"]}]},{\"@type\":\"ImageObject\",\"inLanguage\":\"de\",\"@id\":\"https:\/\/www.mmcs.at\/de\/bildbearbeitung\/#primaryimage\",\"url\":\"https:\/\/www.mmcs.at\/de\/wp-content\/uploads\/Sigrid760x760x.gif\",\"contentUrl\":\"https:\/\/www.mmcs.at\/de\/wp-content\/uploads\/Sigrid760x760x.gif\",\"width\":760,\"height\":760,\"caption\":\"Beispielbild \u2013 vorher nachher\"},{\"@type\":\"BreadcrumbList\",\"@id\":\"https:\/\/www.mmcs.at\/de\/bildbearbeitung\/#breadcrumb\",\"itemListElement\":[{\"@type\":\"ListItem\",\"position\":1,\"name\":\"Startseite\",\"item\":\"https:\/\/www.mmcs.at\/de\/\"},{\"@type\":\"ListItem\",\"position\":2,\"name\":\"Bildbearbeitung mit Photoshop \u2013 oft schon realer als die Wirklichkeit \u2013 Gute neue digitale Zeit!\"}]},{\"@type\":\"WebSite\",\"@id\":\"https:\/\/www.mmcs.at\/de\/#website\",\"url\":\"https:\/\/www.mmcs.at\/de\/\",\"name\":\"MMCS - MultiMedia Creativity Studio\",\"description\":\"WEB DESIGN &amp; PRINT MEDIA - Great Ideas For Little Money\",\"publisher\":{\"@id\":\"https:\/\/www.mmcs.at\/de\/#\/schema\/person\/835ffe7266cb15050ce2b18e9a18f1c8\"},\"potentialAction\":[{\"@type\":\"SearchAction\",\"target\":{\"@type\":\"EntryPoint\",\"urlTemplate\":\"https:\/\/www.mmcs.at\/de\/?s={search_term_string}\"},\"query-input\":{\"@type\":\"PropertyValueSpecification\",\"valueRequired\":true,\"valueName\":\"search_term_string\"}}],\"inLanguage\":\"de\"},{\"@type\":[\"Person\",\"Organization\"],\"@id\":\"https:\/\/www.mmcs.at\/de\/#\/schema\/person\/835ffe7266cb15050ce2b18e9a18f1c8\",\"name\":\"Norbert\",\"image\":{\"@type\":\"ImageObject\",\"inLanguage\":\"de\",\"@id\":\"https:\/\/www.mmcs.at\/de\/#\/schema\/person\/image\/\",\"url\":\"https:\/\/secure.gravatar.com\/avatar\/3c26bb085154aa31dc3a78737618a316?s=96&r=g\",\"contentUrl\":\"https:\/\/secure.gravatar.com\/avatar\/3c26bb085154aa31dc3a78737618a316?s=96&r=g\",\"caption\":\"Norbert\"},\"logo\":{\"@id\":\"https:\/\/www.mmcs.at\/de\/#\/schema\/person\/image\/\"},\"description\":\"Web- \/ Print Designer\",\"sameAs\":[\"https:\/\/mmcs.at\/de\/\"]}]}<\/script>\n<!-- \/ Yoast SEO plugin. -->","yoast_head_json":{"title":"MMCS \u2013 Meine digitale Visualit\u00e4t (+43 676 7285418)","description":"GUTE NEUE DIGITALE ZEIT \u2013 \"Ein Bild sagt mehr als 1000 Worte!\" Dieser Satz trifft sowohl auf den Print- als auch auf den Webbereich zu. Allgemein","robots":{"index":"index","follow":"follow","max-snippet":"max-snippet:-1","max-image-preview":"max-image-preview:large","max-video-preview":"max-video-preview:-1"},"canonical":"https:\/\/www.mmcs.at\/de\/bildbearbeitung\/","og_locale":"de_DE","og_type":"article","og_title":"MMCS \u2013 Meine digitale Visualit\u00e4t (+43 676 7285418)","og_description":"GUTE NEUE DIGITALE ZEIT \u2013 \"Ein Bild sagt mehr als 1000 Worte!\" Dieser Satz trifft sowohl auf den Print- als auch auf den Webbereich zu. Allgemein","og_url":"https:\/\/www.mmcs.at\/de\/bildbearbeitung\/","og_site_name":"MMCS - MultiMedia Creativity Studio","article_modified_time":"2020-01-08T15:14:59+00:00","og_image":[{"url":"https:\/\/www.mmcs.at\/de\/wp-content\/uploads\/Sigrid760x760x.gif","type":"","width":"","height":""}],"twitter_card":"summary_large_image","twitter_misc":{"Gesch\u00e4tzte Lesezeit":"1\u00a0Minute"},"schema":{"@context":"https:\/\/schema.org","@graph":[{"@type":"WebPage","@id":"https:\/\/www.mmcs.at\/de\/bildbearbeitung\/","url":"https:\/\/www.mmcs.at\/de\/bildbearbeitung\/","name":"MMCS \u2013 Meine digitale Visualit\u00e4t (+43 676 7285418)","isPartOf":{"@id":"https:\/\/www.mmcs.at\/de\/#website"},"primaryImageOfPage":{"@id":"https:\/\/www.mmcs.at\/de\/bildbearbeitung\/#primaryimage"},"image":{"@id":"https:\/\/www.mmcs.at\/de\/bildbearbeitung\/#primaryimage"},"thumbnailUrl":"https:\/\/www.mmcs.at\/de\/wp-content\/uploads\/Sigrid760x760x.gif","datePublished":"2020-01-02T18:19:11+00:00","dateModified":"2020-01-08T15:14:59+00:00","description":"GUTE NEUE DIGITALE ZEIT \u2013 \"Ein Bild sagt mehr als 1000 Worte!\" Dieser Satz trifft sowohl auf den Print- als auch auf den Webbereich zu. Allgemein","breadcrumb":{"@id":"https:\/\/www.mmcs.at\/de\/bildbearbeitung\/#breadcrumb"},"inLanguage":"de","potentialAction":[{"@type":"ReadAction","target":["https:\/\/www.mmcs.at\/de\/bildbearbeitung\/"]}]},{"@type":"ImageObject","inLanguage":"de","@id":"https:\/\/www.mmcs.at\/de\/bildbearbeitung\/#primaryimage","url":"https:\/\/www.mmcs.at\/de\/wp-content\/uploads\/Sigrid760x760x.gif","contentUrl":"https:\/\/www.mmcs.at\/de\/wp-content\/uploads\/Sigrid760x760x.gif","width":760,"height":760,"caption":"Beispielbild \u2013 vorher nachher"},{"@type":"BreadcrumbList","@id":"https:\/\/www.mmcs.at\/de\/bildbearbeitung\/#breadcrumb","itemListElement":[{"@type":"ListItem","position":1,"name":"Startseite","item":"https:\/\/www.mmcs.at\/de\/"},{"@type":"ListItem","position":2,"name":"Bildbearbeitung mit Photoshop \u2013 oft schon realer als die Wirklichkeit \u2013 Gute neue digitale Zeit!"}]},{"@type":"WebSite","@id":"https:\/\/www.mmcs.at\/de\/#website","url":"https:\/\/www.mmcs.at\/de\/","name":"MMCS - MultiMedia Creativity Studio","description":"WEB DESIGN &amp; PRINT MEDIA - Great Ideas For Little Money","publisher":{"@id":"https:\/\/www.mmcs.at\/de\/#\/schema\/person\/835ffe7266cb15050ce2b18e9a18f1c8"},"potentialAction":[{"@type":"SearchAction","target":{"@type":"EntryPoint","urlTemplate":"https:\/\/www.mmcs.at\/de\/?s={search_term_string}"},"query-input":{"@type":"PropertyValueSpecification","valueRequired":true,"valueName":"search_term_string"}}],"inLanguage":"de"},{"@type":["Person","Organization"],"@id":"https:\/\/www.mmcs.at\/de\/#\/schema\/person\/835ffe7266cb15050ce2b18e9a18f1c8","name":"Norbert","image":{"@type":"ImageObject","inLanguage":"de","@id":"https:\/\/www.mmcs.at\/de\/#\/schema\/person\/image\/","url":"https:\/\/secure.gravatar.com\/avatar\/3c26bb085154aa31dc3a78737618a316?s=96&r=g","contentUrl":"https:\/\/secure.gravatar.com\/avatar\/3c26bb085154aa31dc3a78737618a316?s=96&r=g","caption":"Norbert"},"logo":{"@id":"https:\/\/www.mmcs.at\/de\/#\/schema\/person\/image\/"},"description":"Web- \/ Print Designer","sameAs":["https:\/\/mmcs.at\/de\/"]}]}},"_links":{"self":[{"href":"https:\/\/www.mmcs.at\/de\/wp-json\/wp\/v2\/pages\/711","targetHints":{"allow":["GET"]}}],"collection":[{"href":"https:\/\/www.mmcs.at\/de\/wp-json\/wp\/v2\/pages"}],"about":[{"href":"https:\/\/www.mmcs.at\/de\/wp-json\/wp\/v2\/types\/page"}],"author":[{"embeddable":true,"href":"https:\/\/www.mmcs.at\/de\/wp-json\/wp\/v2\/users\/1"}],"replies":[{"embeddable":true,"href":"https:\/\/www.mmcs.at\/de\/wp-json\/wp\/v2\/comments?post=711"}],"version-history":[{"count":0,"href":"https:\/\/www.mmcs.at\/de\/wp-json\/wp\/v2\/pages\/711\/revisions"}],"wp:attachment":[{"href":"https:\/\/www.mmcs.at\/de\/wp-json\/wp\/v2\/media?parent=711"}],"curies":[{"name":"wp","href":"https:\/\/api.w.org\/{rel}","templated":true}]}}