{"id":3,"date":"2019-11-29T20:02:05","date_gmt":"2019-11-29T19:02:05","guid":{"rendered":"https:\/\/www.mmcs.at\/de\/?page_id=3"},"modified":"2020-01-08T14:17:57","modified_gmt":"2020-01-08T13:17:57","slug":"datenschutzerklaerung","status":"publish","type":"page","link":"https:\/\/www.mmcs.at\/de\/datenschutzerklaerung\/","title":{"rendered":"Datenschutzerkl\u00e4rung"},"content":{"rendered":"\n<h2 class=\"wp-block-heading\">Wer ich bin<\/h2>\n\n\n\n<p>Die Adresse meiner Website ist: <a href=\"https:\/\/www.mmcs.at\/de\">https:\/\/www.mmcs.at\/de<\/a>.<br>Meine Adressdaten entnehmen Sie der Website-Fu\u00dfleiste<\/p>\n\n\n\n<h2 class=\"wp-block-heading\">Welche personenbezogenen Daten ich sammle und warum ich sie sammle<\/h2>\n\n\n\n<h3 class=\"wp-block-heading\">Kommentare<\/h3>\n\n\n\n<p>Wenn Besucher Kommentare auf der Website schreiben, sammle ich die Daten, die im Kommentar-Formular angezeigt werden, au\u00dferdem die IP-Adresse des Besuchers und den User-Agent-String (damit wird der Browser identifiziert), um die Erkennung von Spam zu unterst\u00fctzen.<\/p>\n\n\n\n<p>Aus deiner E-Mail-Adresse kann eine anonymisierte Zeichenfolge erstellt (auch Hash genannt) und dem Gravatar-Dienst \u00fcbergeben werden, um zu pr\u00fcfen, ob du diesen benutzt. Die Datenschutzerkl\u00e4rung des Gravatar-Dienstes findest du hier: <a href=\"https:\/\/automattic.com\/privacy\/\">https:\/\/automattic.com\/privacy\/<\/a>. Nachdem dein Kommentar freigegeben wurde, ist dein Profilbild \u00f6ffentlich im Kontext deines Kommentars sichtbar.<\/p>\n\n\n\n<h3 class=\"wp-block-heading\">Medien<\/h3>\n\n\n\n<p>Wenn du ein registrierter Benutzer bist und Fotos auf diese Website l\u00e4dst, solltest du vermeiden, Fotos mit einem EXIF-GPS-Standort hochzuladen. Besucher dieser Website k\u00f6nnten Fotos, die auf dieser Website gespeichert sind, herunterladen und deren Standort-Informationen extrahieren.<\/p>\n\n\n\n<h3 class=\"wp-block-heading\">Kontaktformulare<\/h3>\n\n\n\n<h3 class=\"wp-block-heading\">Cookies<\/h3>\n\n\n\n<p>Wenn du einen Kommentar auf meiner Website schreibst, kann das eine Einwilligung sein, deinen Namen, E-Mail-Adresse und Website in Cookies zu speichern. Dies ist eine Komfortfunktion, damit du nicht, wenn du einen weiteren Kommentar schreibst, all diese Daten erneut eingeben musst. Diese Cookies werden ein Jahr lang gespeichert.<\/p>\n\n\n\n<p>Falls du ein Konto hast und dich auf dieser Website anmeldest, werde ich ein tempor\u00e4res Cookie setzen, um festzustellen, ob dein Browser Cookies akzeptiert. Dieses Cookie enth\u00e4lt keine personenbezogenen Daten und wird verworfen, wenn du deinen Browser schlie\u00dft.<\/p>\n\n\n\n<p>Wenn du dich anmeldest, werde ich einige Cookies einrichten, um deine Anmeldeinformationen und Anzeigeoptionen zu speichern. Anmelde-Cookies verfallen nach zwei Tagen und Cookies f\u00fcr die Anzeigeoptionen nach einem Jahr. Falls du bei der Anmeldung \u201eAngemeldet bleiben\u201c ausw\u00e4hlst, wird deine Anmeldung zwei Wochen lang aufrechterhalten. Mit der Abmeldung aus deinem Konto werden die Anmelde-Cookies gel\u00f6scht.<\/p>\n\n\n\n<p>Wenn du einen Artikel bearbeitest oder ver\u00f6ffentlichst, wird ein zus\u00e4tzlicher Cookie in deinem Browser gespeichert. Dieser Cookie enth\u00e4lt keine personenbezogenen Daten und verweist nur auf die Beitrags-ID des Artikels, den du gerade bearbeitet hast. Der Cookie verf\u00e4llt nach einem Tag.<\/p>\n\n\n\n<h3 class=\"wp-block-heading\">Eingebettete Inhalte von anderen Websites<\/h3>\n\n\n\n<p>Beitr\u00e4ge auf dieser Website k\u00f6nnen eingebettete Inhalte beinhalten (z.&nbsp;B. Videos, Bilder, Beitr\u00e4ge etc.). Eingebettete Inhalte von anderen Websites verhalten sich exakt so, als ob der Besucher die andere Website besucht h\u00e4tte.<\/p>\n\n\n\n<p>Diese Websites k\u00f6nnen Daten \u00fcber dich sammeln, Cookies benutzen, zus\u00e4tzliche Tracking-Dienste von Dritten einbetten und deine Interaktion mit diesem eingebetteten Inhalt aufzeichnen, inklusive deiner Interaktion mit dem eingebetteten Inhalt, falls du ein Konto hast und auf dieser Website angemeldet bist.<\/p>\n\n\n\n<h3 class=\"wp-block-heading\">Analysedienste<\/h3>\n\n\n\n<h2 class=\"wp-block-heading\">Mit wem ich deine Daten teilen<\/h2>\n\n\n\n<h2 class=\"wp-block-heading\">Wie lange ich deine Daten speichere<\/h2>\n\n\n\n<p>Wenn du einen Kommentar schreibst, wird dieser inklusive Metadaten zeitlich unbegrenzt gespeichert. Auf diese Art kann ich Folgekommentare automatisch erkennen und freigeben, anstelle sie in einer Moderations-Warteschlange festzuhalten.<\/p>\n\n\n\n<p>F\u00fcr Benutzer, die sich auf meiner Website registrieren, speichere ich zus\u00e4tzlich die pers\u00f6nlichen Informationen, die sie in ihren Benutzerprofilen angeben. Alle Benutzer k\u00f6nnen jederzeit ihre pers\u00f6nlichen Informationen einsehen, ver\u00e4ndern oder l\u00f6schen (der Benutzername kann nicht ver\u00e4ndert werden). Administratoren der Website k\u00f6nnen diese Informationen ebenfalls einsehen und ver\u00e4ndern.<\/p>\n\n\n\n<h2 class=\"wp-block-heading\">Welche Rechte du an deinen Daten hast<\/h2>\n\n\n\n<p>Wenn du ein Konto auf dieser Website besitzt oder Kommentare geschrieben hast, kannst du einen Export deiner personenbezogenen Daten bei uns anfordern, inklusive aller Daten, die du uns mitgeteilt hast. Dar\u00fcber hinaus kannst du die L\u00f6schung aller personenbezogenen Daten, die wir von dir gespeichert haben, anfordern. Dies umfasst nicht die Daten, die ich aufgrund administrativer, rechtlicher oder sicherheitsrelevanter Notwendigkeiten aufbewahren muss.<\/p>\n\n\n\n<h2 class=\"wp-block-heading\">Wohin ich deine Daten sende<\/h2>\n\n\n\n<p>Besucher-Kommentare k\u00f6nnten von einem automatisierten Dienst zur Spam-Erkennung untersucht werden.<\/p>\n\n\n\n<h2 class=\"wp-block-heading\">Meine Unternehmen-Informationen<\/h2>\n\n\n\n<p>MMCS &#8211; MultiMedia Creativity Studio ist ein nach der \u00f6sterreichischen Kleingewerberegelung gef\u00fchrtes Unterbehmen ohne MwSt-Verrechnung.<\/p>\n\n\n\n<p><em>Als Kleinunternehmer werden solche Gewerbetreibende bezeichnet, die unter die Kleinunternehmerregelung des Umsatzsteuergesetzes fallen. Die Besonderheit eines Kleingewerbes gegen\u00fcber anderen Unternehmen ist, dass der Kleingewerbetreibende zwar rechtlich gesehen ein Unternehmer ist, aber nicht als Kaufmann gilt. Aus diesem Grund fallen einige Vorschriften und Pflichten des Handelsgesetzbuches beim Kleingewerbe weg. So ist ein Kleinunternehmer nicht grunds\u00e4tzlich verpflichtet, doppelte Buchf\u00fchrung zu f\u00fchren, sondern kann seinen Gewinn im Rahmen einer Einnahmen\u00fcberschussrechnung oder bei einer normalen Steuerkl\u00e4rung versteuern.<\/em><\/p>\n\n\n\n<p>siehe tieferstehenden Link.<\/p>\n\n\n\n<p><a href=\"https:\/\/www.wko.at\/service\/steuern\/kleinunternehmerregelung-oesterreich.html\">https:\/\/www.wko.at\/service\/steuern\/kleinunternehmerregelung-oesterreich.html<\/a><br><a href=\"https:\/\/www.kleinunternehmer.de\/ustg.htm\">https:\/\/www.kleinunternehmer.de\/ustg.htm<\/a><\/p>\n\n\n\n<h2 class=\"wp-block-heading\">Meine Kontakt-Informationen<\/h2>\n\n\n\n<p>Norbert Kattinger<br>Konrad-Laib-Stra\u00dfe 10A<br>5020 Salzburg<br>\u00d6sterreich<br>Email: katt@mmcs.at<\/p>\n\n\n\n<div class=\"wp-block-button\"><a class=\"wp-block-button__link\" href=\"https:\/\/www.mmcs.at\/de\/\">\u25c1 ZUM HAUPTMEN\u00dc<\/a><\/div>\n","protected":false},"excerpt":{"rendered":"<p>Wer ich bin Die Adresse meiner Website ist: https:\/\/www.mmcs.at\/de.Meine Adressdaten entnehmen Sie der Website-Fu\u00dfleiste Welche personenbezogenen Daten ich sammle und warum ich sie sammle Kommentare Wenn Besucher Kommentare auf der Website schreiben, sammle ich die Daten, die im Kommentar-Formular angezeigt werden, au\u00dferdem die IP-Adresse des Besuchers und den User-Agent-String (damit wird der Browser identifiziert), um &hellip; <\/p>\n<p class=\"link-more\"><a href=\"https:\/\/www.mmcs.at\/de\/datenschutzerklaerung\/\" class=\"more-link\"><span class=\"screen-reader-text\">\u201eDatenschutzerkl\u00e4rung\u201c<\/span> weiterlesen<\/a><\/p>\n","protected":false},"author":1,"featured_media":0,"parent":0,"menu_order":9,"comment_status":"closed","ping_status":"closed","template":"","meta":{"footnotes":""},"class_list":["post-3","page","type-page","status-publish","hentry"],"yoast_head":"<!-- This site is optimized with the Yoast SEO plugin v24.8.1 - https:\/\/yoast.com\/wordpress\/plugins\/seo\/ -->\n<title>MMCS \u2013 Datenschutzerk\u00e4rung (+43 676 7285418)<\/title>\n<meta name=\"description\" content=\"UM DEM RECHT GEN\u00dcGE ZU TUN \u2013 \ufeffMeine Datenschutzerkl\u00e4rung beschreibt, wie Daten von Websitebesucher verarbeitet werden, bzw. wie diese gesammelt werden.\" \/>\n<meta name=\"robots\" content=\"index, follow, max-snippet:-1, max-image-preview:large, max-video-preview:-1\" \/>\n<link rel=\"canonical\" href=\"https:\/\/www.mmcs.at\/de\/datenschutzerklaerung\/\" \/>\n<meta property=\"og:locale\" content=\"de_DE\" \/>\n<meta property=\"og:type\" content=\"article\" \/>\n<meta property=\"og:title\" content=\"MMCS \u2013 Datenschutzerk\u00e4rung (+43 676 7285418)\" \/>\n<meta property=\"og:description\" content=\"UM DEM RECHT GEN\u00dcGE ZU TUN \u2013 \ufeffMeine Datenschutzerkl\u00e4rung beschreibt, wie Daten von Websitebesucher verarbeitet werden, bzw. wie diese gesammelt werden.\" \/>\n<meta property=\"og:url\" content=\"https:\/\/www.mmcs.at\/de\/datenschutzerklaerung\/\" \/>\n<meta property=\"og:site_name\" content=\"MMCS - MultiMedia Creativity Studio\" \/>\n<meta property=\"article:modified_time\" content=\"2020-01-08T13:17:57+00:00\" \/>\n<meta name=\"twitter:card\" content=\"summary_large_image\" \/>\n<meta name=\"twitter:label1\" content=\"Gesch\u00e4tzte Lesezeit\" \/>\n\t<meta name=\"twitter:data1\" content=\"4\u00a0Minuten\" \/>\n<script type=\"application\/ld+json\" class=\"yoast-schema-graph\">{\"@context\":\"https:\/\/schema.org\",\"@graph\":[{\"@type\":\"WebPage\",\"@id\":\"https:\/\/www.mmcs.at\/de\/datenschutzerklaerung\/\",\"url\":\"https:\/\/www.mmcs.at\/de\/datenschutzerklaerung\/\",\"name\":\"MMCS \u2013 Datenschutzerk\u00e4rung (+43 676 7285418)\",\"isPartOf\":{\"@id\":\"https:\/\/www.mmcs.at\/de\/#website\"},\"datePublished\":\"2019-11-29T19:02:05+00:00\",\"dateModified\":\"2020-01-08T13:17:57+00:00\",\"description\":\"UM DEM RECHT GEN\u00dcGE ZU TUN \u2013 \ufeffMeine Datenschutzerkl\u00e4rung beschreibt, wie Daten von Websitebesucher verarbeitet werden, bzw. wie diese gesammelt werden.\",\"breadcrumb\":{\"@id\":\"https:\/\/www.mmcs.at\/de\/datenschutzerklaerung\/#breadcrumb\"},\"inLanguage\":\"de\",\"potentialAction\":[{\"@type\":\"ReadAction\",\"target\":[\"https:\/\/www.mmcs.at\/de\/datenschutzerklaerung\/\"]}]},{\"@type\":\"BreadcrumbList\",\"@id\":\"https:\/\/www.mmcs.at\/de\/datenschutzerklaerung\/#breadcrumb\",\"itemListElement\":[{\"@type\":\"ListItem\",\"position\":1,\"name\":\"Startseite\",\"item\":\"https:\/\/www.mmcs.at\/de\/\"},{\"@type\":\"ListItem\",\"position\":2,\"name\":\"Datenschutzerkl\u00e4rung\"}]},{\"@type\":\"WebSite\",\"@id\":\"https:\/\/www.mmcs.at\/de\/#website\",\"url\":\"https:\/\/www.mmcs.at\/de\/\",\"name\":\"MMCS - MultiMedia Creativity Studio\",\"description\":\"WEB DESIGN &amp; PRINT MEDIA - Great Ideas For Little Money\",\"publisher\":{\"@id\":\"https:\/\/www.mmcs.at\/de\/#\/schema\/person\/835ffe7266cb15050ce2b18e9a18f1c8\"},\"potentialAction\":[{\"@type\":\"SearchAction\",\"target\":{\"@type\":\"EntryPoint\",\"urlTemplate\":\"https:\/\/www.mmcs.at\/de\/?s={search_term_string}\"},\"query-input\":{\"@type\":\"PropertyValueSpecification\",\"valueRequired\":true,\"valueName\":\"search_term_string\"}}],\"inLanguage\":\"de\"},{\"@type\":[\"Person\",\"Organization\"],\"@id\":\"https:\/\/www.mmcs.at\/de\/#\/schema\/person\/835ffe7266cb15050ce2b18e9a18f1c8\",\"name\":\"Norbert\",\"image\":{\"@type\":\"ImageObject\",\"inLanguage\":\"de\",\"@id\":\"https:\/\/www.mmcs.at\/de\/#\/schema\/person\/image\/\",\"url\":\"https:\/\/secure.gravatar.com\/avatar\/3c26bb085154aa31dc3a78737618a316?s=96&r=g\",\"contentUrl\":\"https:\/\/secure.gravatar.com\/avatar\/3c26bb085154aa31dc3a78737618a316?s=96&r=g\",\"caption\":\"Norbert\"},\"logo\":{\"@id\":\"https:\/\/www.mmcs.at\/de\/#\/schema\/person\/image\/\"},\"description\":\"Web- \/ Print Designer\",\"sameAs\":[\"https:\/\/mmcs.at\/de\/\"]}]}<\/script>\n<!-- \/ Yoast SEO plugin. -->","yoast_head_json":{"title":"MMCS \u2013 Datenschutzerk\u00e4rung (+43 676 7285418)","description":"UM DEM RECHT GEN\u00dcGE ZU TUN \u2013 \ufeffMeine Datenschutzerkl\u00e4rung beschreibt, wie Daten von Websitebesucher verarbeitet werden, bzw. wie diese gesammelt werden.","robots":{"index":"index","follow":"follow","max-snippet":"max-snippet:-1","max-image-preview":"max-image-preview:large","max-video-preview":"max-video-preview:-1"},"canonical":"https:\/\/www.mmcs.at\/de\/datenschutzerklaerung\/","og_locale":"de_DE","og_type":"article","og_title":"MMCS \u2013 Datenschutzerk\u00e4rung (+43 676 7285418)","og_description":"UM DEM RECHT GEN\u00dcGE ZU TUN \u2013 \ufeffMeine Datenschutzerkl\u00e4rung beschreibt, wie Daten von Websitebesucher verarbeitet werden, bzw. wie diese gesammelt werden.","og_url":"https:\/\/www.mmcs.at\/de\/datenschutzerklaerung\/","og_site_name":"MMCS - MultiMedia Creativity Studio","article_modified_time":"2020-01-08T13:17:57+00:00","twitter_card":"summary_large_image","twitter_misc":{"Gesch\u00e4tzte Lesezeit":"4\u00a0Minuten"},"schema":{"@context":"https:\/\/schema.org","@graph":[{"@type":"WebPage","@id":"https:\/\/www.mmcs.at\/de\/datenschutzerklaerung\/","url":"https:\/\/www.mmcs.at\/de\/datenschutzerklaerung\/","name":"MMCS \u2013 Datenschutzerk\u00e4rung (+43 676 7285418)","isPartOf":{"@id":"https:\/\/www.mmcs.at\/de\/#website"},"datePublished":"2019-11-29T19:02:05+00:00","dateModified":"2020-01-08T13:17:57+00:00","description":"UM DEM RECHT GEN\u00dcGE ZU TUN \u2013 \ufeffMeine Datenschutzerkl\u00e4rung beschreibt, wie Daten von Websitebesucher verarbeitet werden, bzw. wie diese gesammelt werden.","breadcrumb":{"@id":"https:\/\/www.mmcs.at\/de\/datenschutzerklaerung\/#breadcrumb"},"inLanguage":"de","potentialAction":[{"@type":"ReadAction","target":["https:\/\/www.mmcs.at\/de\/datenschutzerklaerung\/"]}]},{"@type":"BreadcrumbList","@id":"https:\/\/www.mmcs.at\/de\/datenschutzerklaerung\/#breadcrumb","itemListElement":[{"@type":"ListItem","position":1,"name":"Startseite","item":"https:\/\/www.mmcs.at\/de\/"},{"@type":"ListItem","position":2,"name":"Datenschutzerkl\u00e4rung"}]},{"@type":"WebSite","@id":"https:\/\/www.mmcs.at\/de\/#website","url":"https:\/\/www.mmcs.at\/de\/","name":"MMCS - MultiMedia Creativity Studio","description":"WEB DESIGN &amp; PRINT MEDIA - Great Ideas For Little Money","publisher":{"@id":"https:\/\/www.mmcs.at\/de\/#\/schema\/person\/835ffe7266cb15050ce2b18e9a18f1c8"},"potentialAction":[{"@type":"SearchAction","target":{"@type":"EntryPoint","urlTemplate":"https:\/\/www.mmcs.at\/de\/?s={search_term_string}"},"query-input":{"@type":"PropertyValueSpecification","valueRequired":true,"valueName":"search_term_string"}}],"inLanguage":"de"},{"@type":["Person","Organization"],"@id":"https:\/\/www.mmcs.at\/de\/#\/schema\/person\/835ffe7266cb15050ce2b18e9a18f1c8","name":"Norbert","image":{"@type":"ImageObject","inLanguage":"de","@id":"https:\/\/www.mmcs.at\/de\/#\/schema\/person\/image\/","url":"https:\/\/secure.gravatar.com\/avatar\/3c26bb085154aa31dc3a78737618a316?s=96&r=g","contentUrl":"https:\/\/secure.gravatar.com\/avatar\/3c26bb085154aa31dc3a78737618a316?s=96&r=g","caption":"Norbert"},"logo":{"@id":"https:\/\/www.mmcs.at\/de\/#\/schema\/person\/image\/"},"description":"Web- \/ Print Designer","sameAs":["https:\/\/mmcs.at\/de\/"]}]}},"_links":{"self":[{"href":"https:\/\/www.mmcs.at\/de\/wp-json\/wp\/v2\/pages\/3","targetHints":{"allow":["GET"]}}],"collection":[{"href":"https:\/\/www.mmcs.at\/de\/wp-json\/wp\/v2\/pages"}],"about":[{"href":"https:\/\/www.mmcs.at\/de\/wp-json\/wp\/v2\/types\/page"}],"author":[{"embeddable":true,"href":"https:\/\/www.mmcs.at\/de\/wp-json\/wp\/v2\/users\/1"}],"replies":[{"embeddable":true,"href":"https:\/\/www.mmcs.at\/de\/wp-json\/wp\/v2\/comments?post=3"}],"version-history":[{"count":0,"href":"https:\/\/www.mmcs.at\/de\/wp-json\/wp\/v2\/pages\/3\/revisions"}],"wp:attachment":[{"href":"https:\/\/www.mmcs.at\/de\/wp-json\/wp\/v2\/media?parent=3"}],"curies":[{"name":"wp","href":"https:\/\/api.w.org\/{rel}","templated":true}]}}